{"id":1789,"date":"2021-09-01T07:14:39","date_gmt":"2021-09-01T07:14:39","guid":{"rendered":"https:\/\/www.vecos.dotsdev.nl\/de\/?page_id=1789"},"modified":"2022-06-30T07:55:35","modified_gmt":"2022-06-30T07:55:35","slug":"geschaeftsbedingungen","status":"publish","type":"page","link":"https:\/\/www.vecos.dotsdev.nl\/de\/geschaeftsbedingungen\/","title":{"rendered":"Gesch\u00e4ftsbedingungen"},"content":{"rendered":"<h1>Gesch\u00e4ftsbedingungen<\/h1>\n<p><a href=\"https:\/\/www.vecos.dotsdev.nl\/de\/wp-content\/uploads\/sites\/5\/2022\/06\/0140622-General-terms-and-conditions-EN-DE.pdf\">Klicken Sie hier, um das Gesch\u00e4ftsbedingungen herunterzuladen<\/a><\/p>\n<p><a href=\"https:\/\/www.vecos.dotsdev.nl\/de\/wp-content\/uploads\/sites\/5\/2021\/09\/0150921-RZM-SaaS-Conditions-EU-EN-DE.pdf\">Klicken Sie hier, um das RZM SaaS Conditions EU herunterzuladen<\/a><\/p>\n<p>&nbsp;<\/p>\n","protected":false},"excerpt":{"rendered":"<p>Gesch\u00e4ftsbedingungen Klicken Sie hier, um das Gesch\u00e4ftsbedingungen herunterzuladen Klicken Sie hier, um das RZM SaaS Conditions EU herunterzuladen &nbsp;<\/p>\n","protected":false},"author":1,"featured_media":0,"parent":0,"menu_order":5,"comment_status":"closed","ping_status":"closed","template":"page_templates\/page-plain.php","meta":{"_acf_changed":false,"footnotes":""},"acf":[],"yoast_head":"<!-- This site is optimized with the Yoast SEO plugin v23.0 - https:\/\/yoast.com\/wordpress\/plugins\/seo\/ -->\n<title>Vecos | Gesch\u00e4ftsbedingungen<\/title>\n<meta name=\"robots\" content=\"noindex, follow\" \/>\n<meta property=\"og:locale\" content=\"de_DE\" \/>\n<meta property=\"og:type\" content=\"article\" \/>\n<meta property=\"og:title\" content=\"Vecos | Gesch\u00e4ftsbedingungen\" \/>\n<meta property=\"og:description\" content=\"Gesch\u00e4ftsbedingungen Klicken Sie hier, um das Gesch\u00e4ftsbedingungen herunterzuladen Klicken Sie hier, um das RZM SaaS Conditions EU herunterzuladen &nbsp;\" \/>\n<meta property=\"og:url\" content=\"https:\/\/www.vecos.dotsdev.nl\/de\/geschaeftsbedingungen\/\" \/>\n<meta property=\"og:site_name\" content=\"Vecos\" \/>\n<meta property=\"article:modified_time\" content=\"2022-06-30T07:55:35+00:00\" \/>\n<meta name=\"twitter:card\" content=\"summary_large_image\" \/>\n<meta name=\"twitter:label1\" content=\"Gesch\u00e4tzte Lesezeit\" \/>\n\t<meta name=\"twitter:data1\" content=\"1 Minute\" \/>\n<script type=\"application\/ld+json\" class=\"yoast-schema-graph\">{\"@context\":\"https:\/\/schema.org\",\"@graph\":[{\"@type\":\"WebPage\",\"@id\":\"https:\/\/www.vecos.dotsdev.nl\/de\/geschaeftsbedingungen\/\",\"url\":\"https:\/\/www.vecos.dotsdev.nl\/de\/geschaeftsbedingungen\/\",\"name\":\"Vecos | Gesch\u00e4ftsbedingungen\",\"isPartOf\":{\"@id\":\"https:\/\/www.vecos.dotsdev.nl\/de\/#website\"},\"datePublished\":\"2021-09-01T07:14:39+00:00\",\"dateModified\":\"2022-06-30T07:55:35+00:00\",\"breadcrumb\":{\"@id\":\"https:\/\/www.vecos.dotsdev.nl\/de\/geschaeftsbedingungen\/#breadcrumb\"},\"inLanguage\":\"de-DE\",\"potentialAction\":[{\"@type\":\"ReadAction\",\"target\":[\"https:\/\/www.vecos.dotsdev.nl\/de\/geschaeftsbedingungen\/\"]}]},{\"@type\":\"BreadcrumbList\",\"@id\":\"https:\/\/www.vecos.dotsdev.nl\/de\/geschaeftsbedingungen\/#breadcrumb\",\"itemListElement\":[{\"@type\":\"ListItem\",\"position\":1,\"name\":\"Home\",\"item\":\"https:\/\/www.vecos.dotsdev.nl\/de\/\"},{\"@type\":\"ListItem\",\"position\":2,\"name\":\"Gesch\u00e4ftsbedingungen\"}]},{\"@type\":\"WebSite\",\"@id\":\"https:\/\/www.vecos.dotsdev.nl\/de\/#website\",\"url\":\"https:\/\/www.vecos.dotsdev.nl\/de\/\",\"name\":\"Vecos\",\"description\":\"Just another WordPress site\",\"potentialAction\":[{\"@type\":\"SearchAction\",\"target\":{\"@type\":\"EntryPoint\",\"urlTemplate\":\"https:\/\/www.vecos.dotsdev.nl\/de\/?s={search_term_string}\"},\"query-input\":\"required name=search_term_string\"}],\"inLanguage\":\"de-DE\"}]}<\/script>\n<!-- \/ Yoast SEO plugin. -->","yoast_head_json":{"title":"Vecos | Gesch\u00e4ftsbedingungen","robots":{"index":"noindex","follow":"follow"},"og_locale":"de_DE","og_type":"article","og_title":"Vecos | Gesch\u00e4ftsbedingungen","og_description":"Gesch\u00e4ftsbedingungen Klicken Sie hier, um das Gesch\u00e4ftsbedingungen herunterzuladen Klicken Sie hier, um das RZM SaaS Conditions EU herunterzuladen &nbsp;","og_url":"https:\/\/www.vecos.dotsdev.nl\/de\/geschaeftsbedingungen\/","og_site_name":"Vecos","article_modified_time":"2022-06-30T07:55:35+00:00","twitter_card":"summary_large_image","twitter_misc":{"Gesch\u00e4tzte Lesezeit":"1 Minute"},"schema":{"@context":"https:\/\/schema.org","@graph":[{"@type":"WebPage","@id":"https:\/\/www.vecos.dotsdev.nl\/de\/geschaeftsbedingungen\/","url":"https:\/\/www.vecos.dotsdev.nl\/de\/geschaeftsbedingungen\/","name":"Vecos | Gesch\u00e4ftsbedingungen","isPartOf":{"@id":"https:\/\/www.vecos.dotsdev.nl\/de\/#website"},"datePublished":"2021-09-01T07:14:39+00:00","dateModified":"2022-06-30T07:55:35+00:00","breadcrumb":{"@id":"https:\/\/www.vecos.dotsdev.nl\/de\/geschaeftsbedingungen\/#breadcrumb"},"inLanguage":"de-DE","potentialAction":[{"@type":"ReadAction","target":["https:\/\/www.vecos.dotsdev.nl\/de\/geschaeftsbedingungen\/"]}]},{"@type":"BreadcrumbList","@id":"https:\/\/www.vecos.dotsdev.nl\/de\/geschaeftsbedingungen\/#breadcrumb","itemListElement":[{"@type":"ListItem","position":1,"name":"Home","item":"https:\/\/www.vecos.dotsdev.nl\/de\/"},{"@type":"ListItem","position":2,"name":"Gesch\u00e4ftsbedingungen"}]},{"@type":"WebSite","@id":"https:\/\/www.vecos.dotsdev.nl\/de\/#website","url":"https:\/\/www.vecos.dotsdev.nl\/de\/","name":"Vecos","description":"Just another WordPress site","potentialAction":[{"@type":"SearchAction","target":{"@type":"EntryPoint","urlTemplate":"https:\/\/www.vecos.dotsdev.nl\/de\/?s={search_term_string}"},"query-input":"required name=search_term_string"}],"inLanguage":"de-DE"}]}},"_links":{"self":[{"href":"https:\/\/www.vecos.dotsdev.nl\/de\/wp-json\/wp\/v2\/pages\/1789"}],"collection":[{"href":"https:\/\/www.vecos.dotsdev.nl\/de\/wp-json\/wp\/v2\/pages"}],"about":[{"href":"https:\/\/www.vecos.dotsdev.nl\/de\/wp-json\/wp\/v2\/types\/page"}],"author":[{"embeddable":true,"href":"https:\/\/www.vecos.dotsdev.nl\/de\/wp-json\/wp\/v2\/users\/1"}],"replies":[{"embeddable":true,"href":"https:\/\/www.vecos.dotsdev.nl\/de\/wp-json\/wp\/v2\/comments?post=1789"}],"version-history":[{"count":6,"href":"https:\/\/www.vecos.dotsdev.nl\/de\/wp-json\/wp\/v2\/pages\/1789\/revisions"}],"predecessor-version":[{"id":1909,"href":"https:\/\/www.vecos.dotsdev.nl\/de\/wp-json\/wp\/v2\/pages\/1789\/revisions\/1909"}],"wp:attachment":[{"href":"https:\/\/www.vecos.dotsdev.nl\/de\/wp-json\/wp\/v2\/media?parent=1789"}],"curies":[{"name":"wp","href":"https:\/\/api.w.org\/{rel}","templated":true}]}}