{"id":273,"date":"2021-08-05T12:03:51","date_gmt":"2021-08-05T12:03:51","guid":{"rendered":"http:\/\/www.vecos.dotsdev.nl\/?page_id=273"},"modified":"2023-04-13T10:13:00","modified_gmt":"2023-04-13T10:13:00","slug":"kostenlose-online-demo","status":"publish","type":"page","link":"https:\/\/www.vecos.dotsdev.nl\/de\/kostenlose-online-demo\/","title":{"rendered":"Demo"},"content":{"rendered":"<p>The Releezme locker management system from Vecos offers a flexible smart storage solution for every flexible workplace designed to optimize space utilization and at the same time increase employee well-being and satisfaction.<\/p>\n","protected":false},"excerpt":{"rendered":"<p>The Releezme locker management system from Vecos offers a flexible smart storage solution for every flexible workplace designed to optimize space utilization and at the same time increase employee well-being and satisfaction.<\/p>\n","protected":false},"author":1,"featured_media":0,"parent":0,"menu_order":9,"comment_status":"closed","ping_status":"closed","template":"","meta":{"_acf_changed":false,"footnotes":""},"acf":[],"yoast_head":"<!-- This site is optimized with the Yoast SEO plugin v23.0 - https:\/\/yoast.com\/wordpress\/plugins\/seo\/ -->\n<title>Vecos | Die Verwaltung Ihrer B\u00fcroschlie\u00dff\u00e4cher war noch nie so einfach<\/title>\n<meta name=\"description\" content=\"Das Schlie\u00dffachverwaltungssystem von Vecos bietet eine flexible, intelligente Aufbewahrungsl\u00f6sung f\u00fcr jeden flexiblen Arbeitsplatz, die darauf ausgelegt ist, die Raumnutzung zu optimieren und gleichzeitig das Wohlbefinden und die Zufriedenheit der Mitarbeiter zu steigern.\" \/>\n<meta name=\"robots\" content=\"index, follow, max-snippet:-1, max-image-preview:large, max-video-preview:-1\" \/>\n<link rel=\"canonical\" href=\"https:\/\/www.vecos.dotsdev.nl\/de\/kostenlose-online-demo\/\" \/>\n<meta property=\"og:locale\" content=\"de_DE\" \/>\n<meta property=\"og:type\" content=\"article\" \/>\n<meta property=\"og:title\" content=\"Vecos | Die Verwaltung Ihrer B\u00fcroschlie\u00dff\u00e4cher war noch nie so einfach\" \/>\n<meta property=\"og:description\" content=\"Das Schlie\u00dffachverwaltungssystem von Vecos bietet eine flexible, intelligente Aufbewahrungsl\u00f6sung f\u00fcr jeden flexiblen Arbeitsplatz, die darauf ausgelegt ist, die Raumnutzung zu optimieren und gleichzeitig das Wohlbefinden und die Zufriedenheit der Mitarbeiter zu steigern.\" \/>\n<meta property=\"og:url\" content=\"https:\/\/www.vecos.dotsdev.nl\/de\/kostenlose-online-demo\/\" \/>\n<meta property=\"og:site_name\" content=\"Vecos\" \/>\n<meta property=\"article:modified_time\" content=\"2023-04-13T10:13:00+00:00\" \/>\n<meta name=\"twitter:card\" content=\"summary_large_image\" \/>\n<meta name=\"twitter:label1\" content=\"Gesch\u00e4tzte Lesezeit\" \/>\n\t<meta name=\"twitter:data1\" content=\"1 Minute\" \/>\n<script type=\"application\/ld+json\" class=\"yoast-schema-graph\">{\"@context\":\"https:\/\/schema.org\",\"@graph\":[{\"@type\":\"WebPage\",\"@id\":\"https:\/\/www.vecos.dotsdev.nl\/de\/kostenlose-online-demo\/\",\"url\":\"https:\/\/www.vecos.dotsdev.nl\/de\/kostenlose-online-demo\/\",\"name\":\"Vecos | Die Verwaltung Ihrer B\u00fcroschlie\u00dff\u00e4cher war noch nie so einfach\",\"isPartOf\":{\"@id\":\"https:\/\/www.vecos.dotsdev.nl\/de\/#website\"},\"datePublished\":\"2021-08-05T12:03:51+00:00\",\"dateModified\":\"2023-04-13T10:13:00+00:00\",\"description\":\"Das Schlie\u00dffachverwaltungssystem von Vecos bietet eine flexible, intelligente Aufbewahrungsl\u00f6sung f\u00fcr jeden flexiblen Arbeitsplatz, die darauf ausgelegt ist, die Raumnutzung zu optimieren und gleichzeitig das Wohlbefinden und die Zufriedenheit der Mitarbeiter zu steigern.\",\"breadcrumb\":{\"@id\":\"https:\/\/www.vecos.dotsdev.nl\/de\/kostenlose-online-demo\/#breadcrumb\"},\"inLanguage\":\"de-DE\",\"potentialAction\":[{\"@type\":\"ReadAction\",\"target\":[\"https:\/\/www.vecos.dotsdev.nl\/de\/kostenlose-online-demo\/\"]}]},{\"@type\":\"BreadcrumbList\",\"@id\":\"https:\/\/www.vecos.dotsdev.nl\/de\/kostenlose-online-demo\/#breadcrumb\",\"itemListElement\":[{\"@type\":\"ListItem\",\"position\":1,\"name\":\"Home\",\"item\":\"https:\/\/www.vecos.dotsdev.nl\/de\/\"},{\"@type\":\"ListItem\",\"position\":2,\"name\":\"Demo\"}]},{\"@type\":\"WebSite\",\"@id\":\"https:\/\/www.vecos.dotsdev.nl\/de\/#website\",\"url\":\"https:\/\/www.vecos.dotsdev.nl\/de\/\",\"name\":\"Vecos\",\"description\":\"Just another WordPress site\",\"potentialAction\":[{\"@type\":\"SearchAction\",\"target\":{\"@type\":\"EntryPoint\",\"urlTemplate\":\"https:\/\/www.vecos.dotsdev.nl\/de\/?s={search_term_string}\"},\"query-input\":\"required name=search_term_string\"}],\"inLanguage\":\"de-DE\"}]}<\/script>\n<!-- \/ Yoast SEO plugin. -->","yoast_head_json":{"title":"Vecos | Die Verwaltung Ihrer B\u00fcroschlie\u00dff\u00e4cher war noch nie so einfach","description":"Das Schlie\u00dffachverwaltungssystem von Vecos bietet eine flexible, intelligente Aufbewahrungsl\u00f6sung f\u00fcr jeden flexiblen Arbeitsplatz, die darauf ausgelegt ist, die Raumnutzung zu optimieren und gleichzeitig das Wohlbefinden und die Zufriedenheit der Mitarbeiter zu steigern.","robots":{"index":"index","follow":"follow","max-snippet":"max-snippet:-1","max-image-preview":"max-image-preview:large","max-video-preview":"max-video-preview:-1"},"canonical":"https:\/\/www.vecos.dotsdev.nl\/de\/kostenlose-online-demo\/","og_locale":"de_DE","og_type":"article","og_title":"Vecos | Die Verwaltung Ihrer B\u00fcroschlie\u00dff\u00e4cher war noch nie so einfach","og_description":"Das Schlie\u00dffachverwaltungssystem von Vecos bietet eine flexible, intelligente Aufbewahrungsl\u00f6sung f\u00fcr jeden flexiblen Arbeitsplatz, die darauf ausgelegt ist, die Raumnutzung zu optimieren und gleichzeitig das Wohlbefinden und die Zufriedenheit der Mitarbeiter zu steigern.","og_url":"https:\/\/www.vecos.dotsdev.nl\/de\/kostenlose-online-demo\/","og_site_name":"Vecos","article_modified_time":"2023-04-13T10:13:00+00:00","twitter_card":"summary_large_image","twitter_misc":{"Gesch\u00e4tzte Lesezeit":"1 Minute"},"schema":{"@context":"https:\/\/schema.org","@graph":[{"@type":"WebPage","@id":"https:\/\/www.vecos.dotsdev.nl\/de\/kostenlose-online-demo\/","url":"https:\/\/www.vecos.dotsdev.nl\/de\/kostenlose-online-demo\/","name":"Vecos | Die Verwaltung Ihrer B\u00fcroschlie\u00dff\u00e4cher war noch nie so einfach","isPartOf":{"@id":"https:\/\/www.vecos.dotsdev.nl\/de\/#website"},"datePublished":"2021-08-05T12:03:51+00:00","dateModified":"2023-04-13T10:13:00+00:00","description":"Das Schlie\u00dffachverwaltungssystem von Vecos bietet eine flexible, intelligente Aufbewahrungsl\u00f6sung f\u00fcr jeden flexiblen Arbeitsplatz, die darauf ausgelegt ist, die Raumnutzung zu optimieren und gleichzeitig das Wohlbefinden und die Zufriedenheit der Mitarbeiter zu steigern.","breadcrumb":{"@id":"https:\/\/www.vecos.dotsdev.nl\/de\/kostenlose-online-demo\/#breadcrumb"},"inLanguage":"de-DE","potentialAction":[{"@type":"ReadAction","target":["https:\/\/www.vecos.dotsdev.nl\/de\/kostenlose-online-demo\/"]}]},{"@type":"BreadcrumbList","@id":"https:\/\/www.vecos.dotsdev.nl\/de\/kostenlose-online-demo\/#breadcrumb","itemListElement":[{"@type":"ListItem","position":1,"name":"Home","item":"https:\/\/www.vecos.dotsdev.nl\/de\/"},{"@type":"ListItem","position":2,"name":"Demo"}]},{"@type":"WebSite","@id":"https:\/\/www.vecos.dotsdev.nl\/de\/#website","url":"https:\/\/www.vecos.dotsdev.nl\/de\/","name":"Vecos","description":"Just another WordPress site","potentialAction":[{"@type":"SearchAction","target":{"@type":"EntryPoint","urlTemplate":"https:\/\/www.vecos.dotsdev.nl\/de\/?s={search_term_string}"},"query-input":"required name=search_term_string"}],"inLanguage":"de-DE"}]}},"_links":{"self":[{"href":"https:\/\/www.vecos.dotsdev.nl\/de\/wp-json\/wp\/v2\/pages\/273"}],"collection":[{"href":"https:\/\/www.vecos.dotsdev.nl\/de\/wp-json\/wp\/v2\/pages"}],"about":[{"href":"https:\/\/www.vecos.dotsdev.nl\/de\/wp-json\/wp\/v2\/types\/page"}],"author":[{"embeddable":true,"href":"https:\/\/www.vecos.dotsdev.nl\/de\/wp-json\/wp\/v2\/users\/1"}],"replies":[{"embeddable":true,"href":"https:\/\/www.vecos.dotsdev.nl\/de\/wp-json\/wp\/v2\/comments?post=273"}],"version-history":[{"count":44,"href":"https:\/\/www.vecos.dotsdev.nl\/de\/wp-json\/wp\/v2\/pages\/273\/revisions"}],"predecessor-version":[{"id":1978,"href":"https:\/\/www.vecos.dotsdev.nl\/de\/wp-json\/wp\/v2\/pages\/273\/revisions\/1978"}],"wp:attachment":[{"href":"https:\/\/www.vecos.dotsdev.nl\/de\/wp-json\/wp\/v2\/media?parent=273"}],"curies":[{"name":"wp","href":"https:\/\/api.w.org\/{rel}","templated":true}]}}