{"id":679,"date":"2021-08-06T15:16:02","date_gmt":"2021-08-06T15:16:02","guid":{"rendered":"http:\/\/www.vecos.dotsdev.nl\/?page_id=679"},"modified":"2023-04-13T10:06:34","modified_gmt":"2023-04-13T10:06:34","slug":"system-integrations","status":"publish","type":"page","link":"https:\/\/www.vecos.dotsdev.nl\/de\/system-integrations\/","title":{"rendered":"System"},"content":{"rendered":"","protected":false},"excerpt":{"rendered":"","protected":false},"author":1,"featured_media":0,"parent":0,"menu_order":17,"comment_status":"closed","ping_status":"closed","template":"","meta":{"_acf_changed":false,"footnotes":""},"acf":[],"yoast_head":"<!-- This site is optimized with the Yoast SEO plugin v23.0 - https:\/\/yoast.com\/wordpress\/plugins\/seo\/ -->\n<title>Vecos | Ein smartes Schlie\u00dffachsystem f\u00fcr flexible B\u00fcros<\/title>\n<meta name=\"description\" content=\"Unser SaaS-basiertes b\u00fcro schlie\u00dff\u00e4cher hilft dabei Arbeitspl\u00e4tze und Arbeit flexibler zu gestalten. Dank einfacher und automatisierter Schlie\u00dffachverwaltung bieten wir L\u00f6sungen f\u00fcr alle Anforderungen und alle B\u00fcros.\" \/>\n<meta name=\"robots\" content=\"index, follow, max-snippet:-1, max-image-preview:large, max-video-preview:-1\" \/>\n<link rel=\"canonical\" href=\"https:\/\/www.vecos.dotsdev.nl\/de\/system-integrations\/\" \/>\n<meta property=\"og:locale\" content=\"de_DE\" \/>\n<meta property=\"og:type\" content=\"article\" \/>\n<meta property=\"og:title\" content=\"Vecos | Ein smartes Schlie\u00dffachsystem f\u00fcr flexible B\u00fcros\" \/>\n<meta property=\"og:description\" content=\"Unser SaaS-basiertes b\u00fcro schlie\u00dff\u00e4cher hilft dabei Arbeitspl\u00e4tze und Arbeit flexibler zu gestalten. Dank einfacher und automatisierter Schlie\u00dffachverwaltung bieten wir L\u00f6sungen f\u00fcr alle Anforderungen und alle B\u00fcros.\" \/>\n<meta property=\"og:url\" content=\"https:\/\/www.vecos.dotsdev.nl\/de\/system-integrations\/\" \/>\n<meta property=\"og:site_name\" content=\"Vecos\" \/>\n<meta property=\"article:modified_time\" content=\"2023-04-13T10:06:34+00:00\" \/>\n<meta name=\"twitter:card\" content=\"summary_large_image\" \/>\n<script type=\"application\/ld+json\" class=\"yoast-schema-graph\">{\"@context\":\"https:\/\/schema.org\",\"@graph\":[{\"@type\":\"WebPage\",\"@id\":\"https:\/\/www.vecos.dotsdev.nl\/de\/system-integrations\/\",\"url\":\"https:\/\/www.vecos.dotsdev.nl\/de\/system-integrations\/\",\"name\":\"Vecos | Ein smartes Schlie\u00dffachsystem f\u00fcr flexible B\u00fcros\",\"isPartOf\":{\"@id\":\"https:\/\/www.vecos.dotsdev.nl\/de\/#website\"},\"datePublished\":\"2021-08-06T15:16:02+00:00\",\"dateModified\":\"2023-04-13T10:06:34+00:00\",\"description\":\"Unser SaaS-basiertes b\u00fcro schlie\u00dff\u00e4cher hilft dabei Arbeitspl\u00e4tze und Arbeit flexibler zu gestalten. Dank einfacher und automatisierter Schlie\u00dffachverwaltung bieten wir L\u00f6sungen f\u00fcr alle Anforderungen und alle B\u00fcros.\",\"breadcrumb\":{\"@id\":\"https:\/\/www.vecos.dotsdev.nl\/de\/system-integrations\/#breadcrumb\"},\"inLanguage\":\"de-DE\",\"potentialAction\":[{\"@type\":\"ReadAction\",\"target\":[\"https:\/\/www.vecos.dotsdev.nl\/de\/system-integrations\/\"]}]},{\"@type\":\"BreadcrumbList\",\"@id\":\"https:\/\/www.vecos.dotsdev.nl\/de\/system-integrations\/#breadcrumb\",\"itemListElement\":[{\"@type\":\"ListItem\",\"position\":1,\"name\":\"Home\",\"item\":\"https:\/\/www.vecos.dotsdev.nl\/de\/\"},{\"@type\":\"ListItem\",\"position\":2,\"name\":\"System\"}]},{\"@type\":\"WebSite\",\"@id\":\"https:\/\/www.vecos.dotsdev.nl\/de\/#website\",\"url\":\"https:\/\/www.vecos.dotsdev.nl\/de\/\",\"name\":\"Vecos\",\"description\":\"Just another WordPress site\",\"potentialAction\":[{\"@type\":\"SearchAction\",\"target\":{\"@type\":\"EntryPoint\",\"urlTemplate\":\"https:\/\/www.vecos.dotsdev.nl\/de\/?s={search_term_string}\"},\"query-input\":\"required name=search_term_string\"}],\"inLanguage\":\"de-DE\"}]}<\/script>\n<!-- \/ Yoast SEO plugin. -->","yoast_head_json":{"title":"Vecos | Ein smartes Schlie\u00dffachsystem f\u00fcr flexible B\u00fcros","description":"Unser SaaS-basiertes b\u00fcro schlie\u00dff\u00e4cher hilft dabei Arbeitspl\u00e4tze und Arbeit flexibler zu gestalten. Dank einfacher und automatisierter Schlie\u00dffachverwaltung bieten wir L\u00f6sungen f\u00fcr alle Anforderungen und alle B\u00fcros.","robots":{"index":"index","follow":"follow","max-snippet":"max-snippet:-1","max-image-preview":"max-image-preview:large","max-video-preview":"max-video-preview:-1"},"canonical":"https:\/\/www.vecos.dotsdev.nl\/de\/system-integrations\/","og_locale":"de_DE","og_type":"article","og_title":"Vecos | Ein smartes Schlie\u00dffachsystem f\u00fcr flexible B\u00fcros","og_description":"Unser SaaS-basiertes b\u00fcro schlie\u00dff\u00e4cher hilft dabei Arbeitspl\u00e4tze und Arbeit flexibler zu gestalten. Dank einfacher und automatisierter Schlie\u00dffachverwaltung bieten wir L\u00f6sungen f\u00fcr alle Anforderungen und alle B\u00fcros.","og_url":"https:\/\/www.vecos.dotsdev.nl\/de\/system-integrations\/","og_site_name":"Vecos","article_modified_time":"2023-04-13T10:06:34+00:00","twitter_card":"summary_large_image","schema":{"@context":"https:\/\/schema.org","@graph":[{"@type":"WebPage","@id":"https:\/\/www.vecos.dotsdev.nl\/de\/system-integrations\/","url":"https:\/\/www.vecos.dotsdev.nl\/de\/system-integrations\/","name":"Vecos | Ein smartes Schlie\u00dffachsystem f\u00fcr flexible B\u00fcros","isPartOf":{"@id":"https:\/\/www.vecos.dotsdev.nl\/de\/#website"},"datePublished":"2021-08-06T15:16:02+00:00","dateModified":"2023-04-13T10:06:34+00:00","description":"Unser SaaS-basiertes b\u00fcro schlie\u00dff\u00e4cher hilft dabei Arbeitspl\u00e4tze und Arbeit flexibler zu gestalten. Dank einfacher und automatisierter Schlie\u00dffachverwaltung bieten wir L\u00f6sungen f\u00fcr alle Anforderungen und alle B\u00fcros.","breadcrumb":{"@id":"https:\/\/www.vecos.dotsdev.nl\/de\/system-integrations\/#breadcrumb"},"inLanguage":"de-DE","potentialAction":[{"@type":"ReadAction","target":["https:\/\/www.vecos.dotsdev.nl\/de\/system-integrations\/"]}]},{"@type":"BreadcrumbList","@id":"https:\/\/www.vecos.dotsdev.nl\/de\/system-integrations\/#breadcrumb","itemListElement":[{"@type":"ListItem","position":1,"name":"Home","item":"https:\/\/www.vecos.dotsdev.nl\/de\/"},{"@type":"ListItem","position":2,"name":"System"}]},{"@type":"WebSite","@id":"https:\/\/www.vecos.dotsdev.nl\/de\/#website","url":"https:\/\/www.vecos.dotsdev.nl\/de\/","name":"Vecos","description":"Just another WordPress site","potentialAction":[{"@type":"SearchAction","target":{"@type":"EntryPoint","urlTemplate":"https:\/\/www.vecos.dotsdev.nl\/de\/?s={search_term_string}"},"query-input":"required name=search_term_string"}],"inLanguage":"de-DE"}]}},"_links":{"self":[{"href":"https:\/\/www.vecos.dotsdev.nl\/de\/wp-json\/wp\/v2\/pages\/679"}],"collection":[{"href":"https:\/\/www.vecos.dotsdev.nl\/de\/wp-json\/wp\/v2\/pages"}],"about":[{"href":"https:\/\/www.vecos.dotsdev.nl\/de\/wp-json\/wp\/v2\/types\/page"}],"author":[{"embeddable":true,"href":"https:\/\/www.vecos.dotsdev.nl\/de\/wp-json\/wp\/v2\/users\/1"}],"replies":[{"embeddable":true,"href":"https:\/\/www.vecos.dotsdev.nl\/de\/wp-json\/wp\/v2\/comments?post=679"}],"version-history":[{"count":64,"href":"https:\/\/www.vecos.dotsdev.nl\/de\/wp-json\/wp\/v2\/pages\/679\/revisions"}],"predecessor-version":[{"id":1984,"href":"https:\/\/www.vecos.dotsdev.nl\/de\/wp-json\/wp\/v2\/pages\/679\/revisions\/1984"}],"wp:attachment":[{"href":"https:\/\/www.vecos.dotsdev.nl\/de\/wp-json\/wp\/v2\/media?parent=679"}],"curies":[{"name":"wp","href":"https:\/\/api.w.org\/{rel}","templated":true}]}}