{"id":12,"date":"2021-08-02T10:04:45","date_gmt":"2021-08-02T10:04:45","guid":{"rendered":"http:\/\/www.vecos.dotsdev.nl\/?page_id=12"},"modified":"2023-05-01T11:27:33","modified_gmt":"2023-05-01T11:27:33","slug":"home","status":"publish","type":"page","link":"https:\/\/www.vecos.dotsdev.nl\/fr\/","title":{"rendered":"Home"},"content":{"rendered":"","protected":false},"excerpt":{"rendered":"","protected":false},"author":1,"featured_media":0,"parent":0,"menu_order":8,"comment_status":"closed","ping_status":"closed","template":"front-page.php","meta":{"_acf_changed":false,"footnotes":""},"acf":[],"yoast_head":"<!-- This site is optimized with the Yoast SEO plugin v23.0 - https:\/\/yoast.com\/wordpress\/plugins\/seo\/ -->\n<title>Casiers intelligents en libre-service pour les lieux de travail<\/title>\n<meta name=\"description\" content=\"Les casiers intelligents sont des casiers automatis\u00e9s en libre-service avec une technologie int\u00e9gr\u00e9e. Des casiers intelligents \u00e0 la demande, en libre-service et faciles \u00e0 utiliser permettent \u00e0 vos employ\u00e9s de travailler comme ils le souhaitent, avec un stockage s\u00e9curis\u00e9 quand et o\u00f9 ils en ont besoin.\" \/>\n<meta name=\"robots\" content=\"index, follow, max-snippet:-1, max-image-preview:large, max-video-preview:-1\" \/>\n<link rel=\"canonical\" href=\"https:\/\/www.vecos.dotsdev.nl\/fr\/\" \/>\n<meta property=\"og:locale\" content=\"fr_FR\" \/>\n<meta property=\"og:type\" content=\"article\" \/>\n<meta property=\"og:title\" content=\"Casiers intelligents en libre-service pour les lieux de travail\" \/>\n<meta property=\"og:description\" content=\"Les casiers intelligents sont des casiers automatis\u00e9s en libre-service avec une technologie int\u00e9gr\u00e9e. Des casiers intelligents \u00e0 la demande, en libre-service et faciles \u00e0 utiliser permettent \u00e0 vos employ\u00e9s de travailler comme ils le souhaitent, avec un stockage s\u00e9curis\u00e9 quand et o\u00f9 ils en ont besoin.\" \/>\n<meta property=\"og:url\" content=\"https:\/\/www.vecos.dotsdev.nl\/fr\/\" \/>\n<meta property=\"og:site_name\" content=\"Vecos\" \/>\n<meta property=\"article:modified_time\" content=\"2023-05-01T11:27:33+00:00\" \/>\n<meta name=\"twitter:card\" content=\"summary_large_image\" \/>\n<script type=\"application\/ld+json\" class=\"yoast-schema-graph\">{\"@context\":\"https:\/\/schema.org\",\"@graph\":[{\"@type\":\"WebPage\",\"@id\":\"https:\/\/www.vecos.dotsdev.nl\/fr\/\",\"url\":\"https:\/\/www.vecos.dotsdev.nl\/fr\/\",\"name\":\"Casiers intelligents en libre-service pour les lieux de travail\",\"isPartOf\":{\"@id\":\"https:\/\/www.vecos.dotsdev.nl\/fr\/#website\"},\"datePublished\":\"2021-08-02T10:04:45+00:00\",\"dateModified\":\"2023-05-01T11:27:33+00:00\",\"description\":\"Les casiers intelligents sont des casiers automatis\u00e9s en libre-service avec une technologie int\u00e9gr\u00e9e. Des casiers intelligents \u00e0 la demande, en libre-service et faciles \u00e0 utiliser permettent \u00e0 vos employ\u00e9s de travailler comme ils le souhaitent, avec un stockage s\u00e9curis\u00e9 quand et o\u00f9 ils en ont besoin.\",\"breadcrumb\":{\"@id\":\"https:\/\/www.vecos.dotsdev.nl\/fr\/#breadcrumb\"},\"inLanguage\":\"fr-FR\",\"potentialAction\":[{\"@type\":\"ReadAction\",\"target\":[\"https:\/\/www.vecos.dotsdev.nl\/fr\/\"]}]},{\"@type\":\"BreadcrumbList\",\"@id\":\"https:\/\/www.vecos.dotsdev.nl\/fr\/#breadcrumb\",\"itemListElement\":[{\"@type\":\"ListItem\",\"position\":1,\"name\":\"Home\",\"item\":\"https:\/\/www.vecos.dotsdev.nl\/fr\/\"},{\"@type\":\"ListItem\",\"position\":2,\"name\":\"Home\"}]},{\"@type\":\"WebSite\",\"@id\":\"https:\/\/www.vecos.dotsdev.nl\/fr\/#website\",\"url\":\"https:\/\/www.vecos.dotsdev.nl\/fr\/\",\"name\":\"Vecos\",\"description\":\"Just another WordPress site\",\"potentialAction\":[{\"@type\":\"SearchAction\",\"target\":{\"@type\":\"EntryPoint\",\"urlTemplate\":\"https:\/\/www.vecos.dotsdev.nl\/fr\/?s={search_term_string}\"},\"query-input\":\"required name=search_term_string\"}],\"inLanguage\":\"fr-FR\"}]}<\/script>\n<!-- \/ Yoast SEO plugin. -->","yoast_head_json":{"title":"Casiers intelligents en libre-service pour les lieux de travail","description":"Les casiers intelligents sont des casiers automatis\u00e9s en libre-service avec une technologie int\u00e9gr\u00e9e. Des casiers intelligents \u00e0 la demande, en libre-service et faciles \u00e0 utiliser permettent \u00e0 vos employ\u00e9s de travailler comme ils le souhaitent, avec un stockage s\u00e9curis\u00e9 quand et o\u00f9 ils en ont besoin.","robots":{"index":"index","follow":"follow","max-snippet":"max-snippet:-1","max-image-preview":"max-image-preview:large","max-video-preview":"max-video-preview:-1"},"canonical":"https:\/\/www.vecos.dotsdev.nl\/fr\/","og_locale":"fr_FR","og_type":"article","og_title":"Casiers intelligents en libre-service pour les lieux de travail","og_description":"Les casiers intelligents sont des casiers automatis\u00e9s en libre-service avec une technologie int\u00e9gr\u00e9e. Des casiers intelligents \u00e0 la demande, en libre-service et faciles \u00e0 utiliser permettent \u00e0 vos employ\u00e9s de travailler comme ils le souhaitent, avec un stockage s\u00e9curis\u00e9 quand et o\u00f9 ils en ont besoin.","og_url":"https:\/\/www.vecos.dotsdev.nl\/fr\/","og_site_name":"Vecos","article_modified_time":"2023-05-01T11:27:33+00:00","twitter_card":"summary_large_image","schema":{"@context":"https:\/\/schema.org","@graph":[{"@type":"WebPage","@id":"https:\/\/www.vecos.dotsdev.nl\/fr\/","url":"https:\/\/www.vecos.dotsdev.nl\/fr\/","name":"Casiers intelligents en libre-service pour les lieux de travail","isPartOf":{"@id":"https:\/\/www.vecos.dotsdev.nl\/fr\/#website"},"datePublished":"2021-08-02T10:04:45+00:00","dateModified":"2023-05-01T11:27:33+00:00","description":"Les casiers intelligents sont des casiers automatis\u00e9s en libre-service avec une technologie int\u00e9gr\u00e9e. Des casiers intelligents \u00e0 la demande, en libre-service et faciles \u00e0 utiliser permettent \u00e0 vos employ\u00e9s de travailler comme ils le souhaitent, avec un stockage s\u00e9curis\u00e9 quand et o\u00f9 ils en ont besoin.","breadcrumb":{"@id":"https:\/\/www.vecos.dotsdev.nl\/fr\/#breadcrumb"},"inLanguage":"fr-FR","potentialAction":[{"@type":"ReadAction","target":["https:\/\/www.vecos.dotsdev.nl\/fr\/"]}]},{"@type":"BreadcrumbList","@id":"https:\/\/www.vecos.dotsdev.nl\/fr\/#breadcrumb","itemListElement":[{"@type":"ListItem","position":1,"name":"Home","item":"https:\/\/www.vecos.dotsdev.nl\/fr\/"},{"@type":"ListItem","position":2,"name":"Home"}]},{"@type":"WebSite","@id":"https:\/\/www.vecos.dotsdev.nl\/fr\/#website","url":"https:\/\/www.vecos.dotsdev.nl\/fr\/","name":"Vecos","description":"Just another WordPress site","potentialAction":[{"@type":"SearchAction","target":{"@type":"EntryPoint","urlTemplate":"https:\/\/www.vecos.dotsdev.nl\/fr\/?s={search_term_string}"},"query-input":"required name=search_term_string"}],"inLanguage":"fr-FR"}]}},"_links":{"self":[{"href":"https:\/\/www.vecos.dotsdev.nl\/fr\/wp-json\/wp\/v2\/pages\/12"}],"collection":[{"href":"https:\/\/www.vecos.dotsdev.nl\/fr\/wp-json\/wp\/v2\/pages"}],"about":[{"href":"https:\/\/www.vecos.dotsdev.nl\/fr\/wp-json\/wp\/v2\/types\/page"}],"author":[{"embeddable":true,"href":"https:\/\/www.vecos.dotsdev.nl\/fr\/wp-json\/wp\/v2\/users\/1"}],"replies":[{"embeddable":true,"href":"https:\/\/www.vecos.dotsdev.nl\/fr\/wp-json\/wp\/v2\/comments?post=12"}],"version-history":[{"count":105,"href":"https:\/\/www.vecos.dotsdev.nl\/fr\/wp-json\/wp\/v2\/pages\/12\/revisions"}],"predecessor-version":[{"id":1948,"href":"https:\/\/www.vecos.dotsdev.nl\/fr\/wp-json\/wp\/v2\/pages\/12\/revisions\/1948"}],"wp:attachment":[{"href":"https:\/\/www.vecos.dotsdev.nl\/fr\/wp-json\/wp\/v2\/media?parent=12"}],"curies":[{"name":"wp","href":"https:\/\/api.w.org\/{rel}","templated":true}]}}