{"id":1803,"date":"2021-09-01T07:17:25","date_gmt":"2021-09-01T07:17:25","guid":{"rendered":"https:\/\/www.vecos.dotsdev.nl\/fr\/?page_id=1803"},"modified":"2023-02-16T10:31:55","modified_gmt":"2023-02-16T10:31:55","slug":"conditions-generales","status":"publish","type":"page","link":"https:\/\/www.vecos.dotsdev.nl\/fr\/conditions-generales\/","title":{"rendered":"Conditions generales"},"content":{"rendered":"<h1>Conditions g\u00e9n\u00e9rales Vecos Europe B.V.<\/h1>\n<p><a href=\"https:\/\/www.vecos.dotsdev.nl\/en\/wp-content\/uploads\/2021\/09\/0170921-General-terms-and-conditions-EN-FR.pdf\" target=\"_blank\" rel=\"noreferrer noopener\">T\u00e9l\u00e9chargez les<\/a><a href=\"https:\/\/www.vecos.dotsdev.nl\/de\/wp-content\/uploads\/sites\/5\/2021\/09\/0170921-General-terms-and-conditions-EN-FR.pdf\" target=\"_blank\" rel=\"noreferrer noopener\"> condit<\/a><a href=\"https:\/\/www.vecos.dotsdev.nl\/de\/wp-content\/uploads\/sites\/5\/2021\/09\/0170921-General-terms-and-conditions-EN-FR.pdf\" target=\"_blank\" rel=\"noreferrer noopener\">ions<\/a><a href=\"https:\/\/www.vecos.dotsdev.nl\/en\/wp-content\/uploads\/2021\/09\/0170921-General-terms-and-conditions-EN-FR.pdf\" target=\"_blank\" rel=\"noreferrer noopener\"> g\u00e9n\u00e9rales ici<\/a><\/p>\n<p><a href=\"https:\/\/www.vecos.dotsdev.nl\/fr\/wp-content\/uploads\/sites\/4\/2021\/09\/0180921-RZM-SaaS-Conditions-EU-EN-FR.pdf\">T\u00e9l\u00e9chargez conditions Releezme SAAS ici<\/a><\/p>\n","protected":false},"excerpt":{"rendered":"<p>Conditions g\u00e9n\u00e9rales Vecos Europe B.V. T\u00e9l\u00e9chargez les conditions g\u00e9n\u00e9rales ici T\u00e9l\u00e9chargez conditions Releezme SAAS ici<\/p>\n","protected":false},"author":1,"featured_media":0,"parent":0,"menu_order":2,"comment_status":"closed","ping_status":"closed","template":"page_templates\/page-plain.php","meta":{"_acf_changed":false,"footnotes":""},"acf":[],"yoast_head":"<!-- This site is optimized with the Yoast SEO plugin v23.0 - https:\/\/yoast.com\/wordpress\/plugins\/seo\/ -->\n<title>Vecos | Conditions generales<\/title>\n<meta name=\"robots\" content=\"noindex, follow\" \/>\n<meta property=\"og:locale\" content=\"fr_FR\" \/>\n<meta property=\"og:type\" content=\"article\" \/>\n<meta property=\"og:title\" content=\"Vecos | Conditions generales\" \/>\n<meta property=\"og:description\" content=\"Conditions g\u00e9n\u00e9rales Vecos Europe B.V. T\u00e9l\u00e9chargez les conditions g\u00e9n\u00e9rales ici T\u00e9l\u00e9chargez conditions Releezme SAAS ici\" \/>\n<meta property=\"og:url\" content=\"https:\/\/www.vecos.dotsdev.nl\/fr\/conditions-generales\/\" \/>\n<meta property=\"og:site_name\" content=\"Vecos\" \/>\n<meta property=\"article:modified_time\" content=\"2023-02-16T10:31:55+00:00\" \/>\n<meta name=\"twitter:card\" content=\"summary_large_image\" \/>\n<meta name=\"twitter:label1\" content=\"Dur\u00e9e de lecture est.\" \/>\n\t<meta name=\"twitter:data1\" content=\"1 minute\" \/>\n<script type=\"application\/ld+json\" class=\"yoast-schema-graph\">{\"@context\":\"https:\/\/schema.org\",\"@graph\":[{\"@type\":\"WebPage\",\"@id\":\"https:\/\/www.vecos.dotsdev.nl\/fr\/conditions-generales\/\",\"url\":\"https:\/\/www.vecos.dotsdev.nl\/fr\/conditions-generales\/\",\"name\":\"Vecos | Conditions generales\",\"isPartOf\":{\"@id\":\"https:\/\/www.vecos.dotsdev.nl\/fr\/#website\"},\"datePublished\":\"2021-09-01T07:17:25+00:00\",\"dateModified\":\"2023-02-16T10:31:55+00:00\",\"breadcrumb\":{\"@id\":\"https:\/\/www.vecos.dotsdev.nl\/fr\/conditions-generales\/#breadcrumb\"},\"inLanguage\":\"fr-FR\",\"potentialAction\":[{\"@type\":\"ReadAction\",\"target\":[\"https:\/\/www.vecos.dotsdev.nl\/fr\/conditions-generales\/\"]}]},{\"@type\":\"BreadcrumbList\",\"@id\":\"https:\/\/www.vecos.dotsdev.nl\/fr\/conditions-generales\/#breadcrumb\",\"itemListElement\":[{\"@type\":\"ListItem\",\"position\":1,\"name\":\"Home\",\"item\":\"https:\/\/www.vecos.dotsdev.nl\/fr\/\"},{\"@type\":\"ListItem\",\"position\":2,\"name\":\"Conditions generales\"}]},{\"@type\":\"WebSite\",\"@id\":\"https:\/\/www.vecos.dotsdev.nl\/fr\/#website\",\"url\":\"https:\/\/www.vecos.dotsdev.nl\/fr\/\",\"name\":\"Vecos\",\"description\":\"Just another WordPress site\",\"potentialAction\":[{\"@type\":\"SearchAction\",\"target\":{\"@type\":\"EntryPoint\",\"urlTemplate\":\"https:\/\/www.vecos.dotsdev.nl\/fr\/?s={search_term_string}\"},\"query-input\":\"required name=search_term_string\"}],\"inLanguage\":\"fr-FR\"}]}<\/script>\n<!-- \/ Yoast SEO plugin. -->","yoast_head_json":{"title":"Vecos | Conditions generales","robots":{"index":"noindex","follow":"follow"},"og_locale":"fr_FR","og_type":"article","og_title":"Vecos | Conditions generales","og_description":"Conditions g\u00e9n\u00e9rales Vecos Europe B.V. T\u00e9l\u00e9chargez les conditions g\u00e9n\u00e9rales ici T\u00e9l\u00e9chargez conditions Releezme SAAS ici","og_url":"https:\/\/www.vecos.dotsdev.nl\/fr\/conditions-generales\/","og_site_name":"Vecos","article_modified_time":"2023-02-16T10:31:55+00:00","twitter_card":"summary_large_image","twitter_misc":{"Dur\u00e9e de lecture est.":"1 minute"},"schema":{"@context":"https:\/\/schema.org","@graph":[{"@type":"WebPage","@id":"https:\/\/www.vecos.dotsdev.nl\/fr\/conditions-generales\/","url":"https:\/\/www.vecos.dotsdev.nl\/fr\/conditions-generales\/","name":"Vecos | Conditions generales","isPartOf":{"@id":"https:\/\/www.vecos.dotsdev.nl\/fr\/#website"},"datePublished":"2021-09-01T07:17:25+00:00","dateModified":"2023-02-16T10:31:55+00:00","breadcrumb":{"@id":"https:\/\/www.vecos.dotsdev.nl\/fr\/conditions-generales\/#breadcrumb"},"inLanguage":"fr-FR","potentialAction":[{"@type":"ReadAction","target":["https:\/\/www.vecos.dotsdev.nl\/fr\/conditions-generales\/"]}]},{"@type":"BreadcrumbList","@id":"https:\/\/www.vecos.dotsdev.nl\/fr\/conditions-generales\/#breadcrumb","itemListElement":[{"@type":"ListItem","position":1,"name":"Home","item":"https:\/\/www.vecos.dotsdev.nl\/fr\/"},{"@type":"ListItem","position":2,"name":"Conditions generales"}]},{"@type":"WebSite","@id":"https:\/\/www.vecos.dotsdev.nl\/fr\/#website","url":"https:\/\/www.vecos.dotsdev.nl\/fr\/","name":"Vecos","description":"Just another WordPress site","potentialAction":[{"@type":"SearchAction","target":{"@type":"EntryPoint","urlTemplate":"https:\/\/www.vecos.dotsdev.nl\/fr\/?s={search_term_string}"},"query-input":"required name=search_term_string"}],"inLanguage":"fr-FR"}]}},"_links":{"self":[{"href":"https:\/\/www.vecos.dotsdev.nl\/fr\/wp-json\/wp\/v2\/pages\/1803"}],"collection":[{"href":"https:\/\/www.vecos.dotsdev.nl\/fr\/wp-json\/wp\/v2\/pages"}],"about":[{"href":"https:\/\/www.vecos.dotsdev.nl\/fr\/wp-json\/wp\/v2\/types\/page"}],"author":[{"embeddable":true,"href":"https:\/\/www.vecos.dotsdev.nl\/fr\/wp-json\/wp\/v2\/users\/1"}],"replies":[{"embeddable":true,"href":"https:\/\/www.vecos.dotsdev.nl\/fr\/wp-json\/wp\/v2\/comments?post=1803"}],"version-history":[{"count":9,"href":"https:\/\/www.vecos.dotsdev.nl\/fr\/wp-json\/wp\/v2\/pages\/1803\/revisions"}],"predecessor-version":[{"id":1931,"href":"https:\/\/www.vecos.dotsdev.nl\/fr\/wp-json\/wp\/v2\/pages\/1803\/revisions\/1931"}],"wp:attachment":[{"href":"https:\/\/www.vecos.dotsdev.nl\/fr\/wp-json\/wp\/v2\/media?parent=1803"}],"curies":[{"name":"wp","href":"https:\/\/api.w.org\/{rel}","templated":true}]}}