{"id":471,"date":"2021-08-06T10:13:09","date_gmt":"2021-08-06T10:13:09","guid":{"rendered":"http:\/\/www.vecos.dotsdev.nl\/?page_id=471"},"modified":"2023-05-01T11:30:30","modified_gmt":"2023-05-01T11:30:30","slug":"solutions","status":"publish","type":"page","link":"https:\/\/www.vecos.dotsdev.nl\/fr\/solutions\/","title":{"rendered":"Solutions"},"content":{"rendered":"","protected":false},"excerpt":{"rendered":"","protected":false},"author":1,"featured_media":0,"parent":0,"menu_order":13,"comment_status":"closed","ping_status":"closed","template":"","meta":{"_acf_changed":false,"footnotes":""},"acf":[],"yoast_head":"<!-- This site is optimized with the Yoast SEO plugin v23.0 - https:\/\/yoast.com\/wordpress\/plugins\/seo\/ -->\n<title>Des casiers intelligents pour tous vos besoins en milieu de travail<\/title>\n<meta name=\"description\" content=\"Un syst\u00e8me de casiers intelligents peut \u00eatre configur\u00e9 pour \u00eatre utilis\u00e9 comme casiers d&#039;employ\u00e9s, casiers d&#039;\u00e9quipe, casiers \u00e0 colis, casiers \u00e0 biens, casiers pour vestiaires, etc. Les cas d&#039;utilisation des casiers peuvent \u00eatre enti\u00e8rement personnalis\u00e9s en fonction des besoins de votre lieu de travail.\" \/>\n<meta name=\"robots\" content=\"index, follow, max-snippet:-1, max-image-preview:large, max-video-preview:-1\" \/>\n<link rel=\"canonical\" href=\"https:\/\/www.vecos.dotsdev.nl\/fr\/solutions\/\" \/>\n<meta property=\"og:locale\" content=\"fr_FR\" \/>\n<meta property=\"og:type\" content=\"article\" \/>\n<meta property=\"og:title\" content=\"Des casiers intelligents pour tous vos besoins en milieu de travail\" \/>\n<meta property=\"og:description\" content=\"Un syst\u00e8me de casiers intelligents peut \u00eatre configur\u00e9 pour \u00eatre utilis\u00e9 comme casiers d&#039;employ\u00e9s, casiers d&#039;\u00e9quipe, casiers \u00e0 colis, casiers \u00e0 biens, casiers pour vestiaires, etc. Les cas d&#039;utilisation des casiers peuvent \u00eatre enti\u00e8rement personnalis\u00e9s en fonction des besoins de votre lieu de travail.\" \/>\n<meta property=\"og:url\" content=\"https:\/\/www.vecos.dotsdev.nl\/fr\/solutions\/\" \/>\n<meta property=\"og:site_name\" content=\"Vecos\" \/>\n<meta property=\"article:modified_time\" content=\"2023-05-01T11:30:30+00:00\" \/>\n<meta name=\"twitter:card\" content=\"summary_large_image\" \/>\n<script type=\"application\/ld+json\" class=\"yoast-schema-graph\">{\"@context\":\"https:\/\/schema.org\",\"@graph\":[{\"@type\":\"WebPage\",\"@id\":\"https:\/\/www.vecos.dotsdev.nl\/fr\/solutions\/\",\"url\":\"https:\/\/www.vecos.dotsdev.nl\/fr\/solutions\/\",\"name\":\"Des casiers intelligents pour tous vos besoins en milieu de travail\",\"isPartOf\":{\"@id\":\"https:\/\/www.vecos.dotsdev.nl\/fr\/#website\"},\"datePublished\":\"2021-08-06T10:13:09+00:00\",\"dateModified\":\"2023-05-01T11:30:30+00:00\",\"description\":\"Un syst\u00e8me de casiers intelligents peut \u00eatre configur\u00e9 pour \u00eatre utilis\u00e9 comme casiers d'employ\u00e9s, casiers d'\u00e9quipe, casiers \u00e0 colis, casiers \u00e0 biens, casiers pour vestiaires, etc. Les cas d'utilisation des casiers peuvent \u00eatre enti\u00e8rement personnalis\u00e9s en fonction des besoins de votre lieu de travail.\",\"breadcrumb\":{\"@id\":\"https:\/\/www.vecos.dotsdev.nl\/fr\/solutions\/#breadcrumb\"},\"inLanguage\":\"fr-FR\",\"potentialAction\":[{\"@type\":\"ReadAction\",\"target\":[\"https:\/\/www.vecos.dotsdev.nl\/fr\/solutions\/\"]}]},{\"@type\":\"BreadcrumbList\",\"@id\":\"https:\/\/www.vecos.dotsdev.nl\/fr\/solutions\/#breadcrumb\",\"itemListElement\":[{\"@type\":\"ListItem\",\"position\":1,\"name\":\"Home\",\"item\":\"https:\/\/www.vecos.dotsdev.nl\/fr\/\"},{\"@type\":\"ListItem\",\"position\":2,\"name\":\"Solutions\"}]},{\"@type\":\"WebSite\",\"@id\":\"https:\/\/www.vecos.dotsdev.nl\/fr\/#website\",\"url\":\"https:\/\/www.vecos.dotsdev.nl\/fr\/\",\"name\":\"Vecos\",\"description\":\"Just another WordPress site\",\"potentialAction\":[{\"@type\":\"SearchAction\",\"target\":{\"@type\":\"EntryPoint\",\"urlTemplate\":\"https:\/\/www.vecos.dotsdev.nl\/fr\/?s={search_term_string}\"},\"query-input\":\"required name=search_term_string\"}],\"inLanguage\":\"fr-FR\"}]}<\/script>\n<!-- \/ Yoast SEO plugin. -->","yoast_head_json":{"title":"Des casiers intelligents pour tous vos besoins en milieu de travail","description":"Un syst\u00e8me de casiers intelligents peut \u00eatre configur\u00e9 pour \u00eatre utilis\u00e9 comme casiers d'employ\u00e9s, casiers d'\u00e9quipe, casiers \u00e0 colis, casiers \u00e0 biens, casiers pour vestiaires, etc. Les cas d'utilisation des casiers peuvent \u00eatre enti\u00e8rement personnalis\u00e9s en fonction des besoins de votre lieu de travail.","robots":{"index":"index","follow":"follow","max-snippet":"max-snippet:-1","max-image-preview":"max-image-preview:large","max-video-preview":"max-video-preview:-1"},"canonical":"https:\/\/www.vecos.dotsdev.nl\/fr\/solutions\/","og_locale":"fr_FR","og_type":"article","og_title":"Des casiers intelligents pour tous vos besoins en milieu de travail","og_description":"Un syst\u00e8me de casiers intelligents peut \u00eatre configur\u00e9 pour \u00eatre utilis\u00e9 comme casiers d'employ\u00e9s, casiers d'\u00e9quipe, casiers \u00e0 colis, casiers \u00e0 biens, casiers pour vestiaires, etc. Les cas d'utilisation des casiers peuvent \u00eatre enti\u00e8rement personnalis\u00e9s en fonction des besoins de votre lieu de travail.","og_url":"https:\/\/www.vecos.dotsdev.nl\/fr\/solutions\/","og_site_name":"Vecos","article_modified_time":"2023-05-01T11:30:30+00:00","twitter_card":"summary_large_image","schema":{"@context":"https:\/\/schema.org","@graph":[{"@type":"WebPage","@id":"https:\/\/www.vecos.dotsdev.nl\/fr\/solutions\/","url":"https:\/\/www.vecos.dotsdev.nl\/fr\/solutions\/","name":"Des casiers intelligents pour tous vos besoins en milieu de travail","isPartOf":{"@id":"https:\/\/www.vecos.dotsdev.nl\/fr\/#website"},"datePublished":"2021-08-06T10:13:09+00:00","dateModified":"2023-05-01T11:30:30+00:00","description":"Un syst\u00e8me de casiers intelligents peut \u00eatre configur\u00e9 pour \u00eatre utilis\u00e9 comme casiers d'employ\u00e9s, casiers d'\u00e9quipe, casiers \u00e0 colis, casiers \u00e0 biens, casiers pour vestiaires, etc. Les cas d'utilisation des casiers peuvent \u00eatre enti\u00e8rement personnalis\u00e9s en fonction des besoins de votre lieu de travail.","breadcrumb":{"@id":"https:\/\/www.vecos.dotsdev.nl\/fr\/solutions\/#breadcrumb"},"inLanguage":"fr-FR","potentialAction":[{"@type":"ReadAction","target":["https:\/\/www.vecos.dotsdev.nl\/fr\/solutions\/"]}]},{"@type":"BreadcrumbList","@id":"https:\/\/www.vecos.dotsdev.nl\/fr\/solutions\/#breadcrumb","itemListElement":[{"@type":"ListItem","position":1,"name":"Home","item":"https:\/\/www.vecos.dotsdev.nl\/fr\/"},{"@type":"ListItem","position":2,"name":"Solutions"}]},{"@type":"WebSite","@id":"https:\/\/www.vecos.dotsdev.nl\/fr\/#website","url":"https:\/\/www.vecos.dotsdev.nl\/fr\/","name":"Vecos","description":"Just another WordPress site","potentialAction":[{"@type":"SearchAction","target":{"@type":"EntryPoint","urlTemplate":"https:\/\/www.vecos.dotsdev.nl\/fr\/?s={search_term_string}"},"query-input":"required name=search_term_string"}],"inLanguage":"fr-FR"}]}},"_links":{"self":[{"href":"https:\/\/www.vecos.dotsdev.nl\/fr\/wp-json\/wp\/v2\/pages\/471"}],"collection":[{"href":"https:\/\/www.vecos.dotsdev.nl\/fr\/wp-json\/wp\/v2\/pages"}],"about":[{"href":"https:\/\/www.vecos.dotsdev.nl\/fr\/wp-json\/wp\/v2\/types\/page"}],"author":[{"embeddable":true,"href":"https:\/\/www.vecos.dotsdev.nl\/fr\/wp-json\/wp\/v2\/users\/1"}],"replies":[{"embeddable":true,"href":"https:\/\/www.vecos.dotsdev.nl\/fr\/wp-json\/wp\/v2\/comments?post=471"}],"version-history":[{"count":43,"href":"https:\/\/www.vecos.dotsdev.nl\/fr\/wp-json\/wp\/v2\/pages\/471\/revisions"}],"predecessor-version":[{"id":1868,"href":"https:\/\/www.vecos.dotsdev.nl\/fr\/wp-json\/wp\/v2\/pages\/471\/revisions\/1868"}],"wp:attachment":[{"href":"https:\/\/www.vecos.dotsdev.nl\/fr\/wp-json\/wp\/v2\/media?parent=471"}],"curies":[{"name":"wp","href":"https:\/\/api.w.org\/{rel}","templated":true}]}}