{"id":679,"date":"2021-08-06T15:16:02","date_gmt":"2021-08-06T15:16:02","guid":{"rendered":"http:\/\/www.vecos.dotsdev.nl\/?page_id=679"},"modified":"2023-05-01T11:28:59","modified_gmt":"2023-05-01T11:28:59","slug":"system-integrations","status":"publish","type":"page","link":"https:\/\/www.vecos.dotsdev.nl\/fr\/system-integrations\/","title":{"rendered":"Syst\u00e8me"},"content":{"rendered":"","protected":false},"excerpt":{"rendered":"","protected":false},"author":1,"featured_media":0,"parent":0,"menu_order":14,"comment_status":"closed","ping_status":"closed","template":"","meta":{"_acf_changed":false,"footnotes":""},"acf":[],"yoast_head":"<!-- This site is optimized with the Yoast SEO plugin v23.0 - https:\/\/yoast.com\/wordpress\/plugins\/seo\/ -->\n<title>Casiers en libre-service, s\u00e9curis\u00e9s et intelligents pour les lieux de travail<\/title>\n<meta name=\"description\" content=\"Le syst\u00e8me de casiers intelligents aide les lieux de travail \u00e0 automatiser la gestion de leurs casiers, \u00e0 am\u00e9liorer l&#039;exp\u00e9rience des employ\u00e9s et \u00e0 personnaliser l&#039;utilisation des casiers \u00e0 l&#039;aide de donn\u00e9es et d&#039;analyses en temps r\u00e9el.\" \/>\n<meta name=\"robots\" content=\"index, follow, max-snippet:-1, max-image-preview:large, max-video-preview:-1\" \/>\n<link rel=\"canonical\" href=\"https:\/\/www.vecos.dotsdev.nl\/fr\/system-integrations\/\" \/>\n<meta property=\"og:locale\" content=\"fr_FR\" \/>\n<meta property=\"og:type\" content=\"article\" \/>\n<meta property=\"og:title\" content=\"Casiers en libre-service, s\u00e9curis\u00e9s et intelligents pour les lieux de travail\" \/>\n<meta property=\"og:description\" content=\"Le syst\u00e8me de casiers intelligents aide les lieux de travail \u00e0 automatiser la gestion de leurs casiers, \u00e0 am\u00e9liorer l&#039;exp\u00e9rience des employ\u00e9s et \u00e0 personnaliser l&#039;utilisation des casiers \u00e0 l&#039;aide de donn\u00e9es et d&#039;analyses en temps r\u00e9el.\" \/>\n<meta property=\"og:url\" content=\"https:\/\/www.vecos.dotsdev.nl\/fr\/system-integrations\/\" \/>\n<meta property=\"og:site_name\" content=\"Vecos\" \/>\n<meta property=\"article:modified_time\" content=\"2023-05-01T11:28:59+00:00\" \/>\n<meta name=\"twitter:card\" content=\"summary_large_image\" \/>\n<script type=\"application\/ld+json\" class=\"yoast-schema-graph\">{\"@context\":\"https:\/\/schema.org\",\"@graph\":[{\"@type\":\"WebPage\",\"@id\":\"https:\/\/www.vecos.dotsdev.nl\/fr\/system-integrations\/\",\"url\":\"https:\/\/www.vecos.dotsdev.nl\/fr\/system-integrations\/\",\"name\":\"Casiers en libre-service, s\u00e9curis\u00e9s et intelligents pour les lieux de travail\",\"isPartOf\":{\"@id\":\"https:\/\/www.vecos.dotsdev.nl\/fr\/#website\"},\"datePublished\":\"2021-08-06T15:16:02+00:00\",\"dateModified\":\"2023-05-01T11:28:59+00:00\",\"description\":\"Le syst\u00e8me de casiers intelligents aide les lieux de travail \u00e0 automatiser la gestion de leurs casiers, \u00e0 am\u00e9liorer l'exp\u00e9rience des employ\u00e9s et \u00e0 personnaliser l'utilisation des casiers \u00e0 l'aide de donn\u00e9es et d'analyses en temps r\u00e9el.\",\"breadcrumb\":{\"@id\":\"https:\/\/www.vecos.dotsdev.nl\/fr\/system-integrations\/#breadcrumb\"},\"inLanguage\":\"fr-FR\",\"potentialAction\":[{\"@type\":\"ReadAction\",\"target\":[\"https:\/\/www.vecos.dotsdev.nl\/fr\/system-integrations\/\"]}]},{\"@type\":\"BreadcrumbList\",\"@id\":\"https:\/\/www.vecos.dotsdev.nl\/fr\/system-integrations\/#breadcrumb\",\"itemListElement\":[{\"@type\":\"ListItem\",\"position\":1,\"name\":\"Home\",\"item\":\"https:\/\/www.vecos.dotsdev.nl\/fr\/\"},{\"@type\":\"ListItem\",\"position\":2,\"name\":\"Syst\u00e8me\"}]},{\"@type\":\"WebSite\",\"@id\":\"https:\/\/www.vecos.dotsdev.nl\/fr\/#website\",\"url\":\"https:\/\/www.vecos.dotsdev.nl\/fr\/\",\"name\":\"Vecos\",\"description\":\"Just another WordPress site\",\"potentialAction\":[{\"@type\":\"SearchAction\",\"target\":{\"@type\":\"EntryPoint\",\"urlTemplate\":\"https:\/\/www.vecos.dotsdev.nl\/fr\/?s={search_term_string}\"},\"query-input\":\"required name=search_term_string\"}],\"inLanguage\":\"fr-FR\"}]}<\/script>\n<!-- \/ Yoast SEO plugin. -->","yoast_head_json":{"title":"Casiers en libre-service, s\u00e9curis\u00e9s et intelligents pour les lieux de travail","description":"Le syst\u00e8me de casiers intelligents aide les lieux de travail \u00e0 automatiser la gestion de leurs casiers, \u00e0 am\u00e9liorer l'exp\u00e9rience des employ\u00e9s et \u00e0 personnaliser l'utilisation des casiers \u00e0 l'aide de donn\u00e9es et d'analyses en temps r\u00e9el.","robots":{"index":"index","follow":"follow","max-snippet":"max-snippet:-1","max-image-preview":"max-image-preview:large","max-video-preview":"max-video-preview:-1"},"canonical":"https:\/\/www.vecos.dotsdev.nl\/fr\/system-integrations\/","og_locale":"fr_FR","og_type":"article","og_title":"Casiers en libre-service, s\u00e9curis\u00e9s et intelligents pour les lieux de travail","og_description":"Le syst\u00e8me de casiers intelligents aide les lieux de travail \u00e0 automatiser la gestion de leurs casiers, \u00e0 am\u00e9liorer l'exp\u00e9rience des employ\u00e9s et \u00e0 personnaliser l'utilisation des casiers \u00e0 l'aide de donn\u00e9es et d'analyses en temps r\u00e9el.","og_url":"https:\/\/www.vecos.dotsdev.nl\/fr\/system-integrations\/","og_site_name":"Vecos","article_modified_time":"2023-05-01T11:28:59+00:00","twitter_card":"summary_large_image","schema":{"@context":"https:\/\/schema.org","@graph":[{"@type":"WebPage","@id":"https:\/\/www.vecos.dotsdev.nl\/fr\/system-integrations\/","url":"https:\/\/www.vecos.dotsdev.nl\/fr\/system-integrations\/","name":"Casiers en libre-service, s\u00e9curis\u00e9s et intelligents pour les lieux de travail","isPartOf":{"@id":"https:\/\/www.vecos.dotsdev.nl\/fr\/#website"},"datePublished":"2021-08-06T15:16:02+00:00","dateModified":"2023-05-01T11:28:59+00:00","description":"Le syst\u00e8me de casiers intelligents aide les lieux de travail \u00e0 automatiser la gestion de leurs casiers, \u00e0 am\u00e9liorer l'exp\u00e9rience des employ\u00e9s et \u00e0 personnaliser l'utilisation des casiers \u00e0 l'aide de donn\u00e9es et d'analyses en temps r\u00e9el.","breadcrumb":{"@id":"https:\/\/www.vecos.dotsdev.nl\/fr\/system-integrations\/#breadcrumb"},"inLanguage":"fr-FR","potentialAction":[{"@type":"ReadAction","target":["https:\/\/www.vecos.dotsdev.nl\/fr\/system-integrations\/"]}]},{"@type":"BreadcrumbList","@id":"https:\/\/www.vecos.dotsdev.nl\/fr\/system-integrations\/#breadcrumb","itemListElement":[{"@type":"ListItem","position":1,"name":"Home","item":"https:\/\/www.vecos.dotsdev.nl\/fr\/"},{"@type":"ListItem","position":2,"name":"Syst\u00e8me"}]},{"@type":"WebSite","@id":"https:\/\/www.vecos.dotsdev.nl\/fr\/#website","url":"https:\/\/www.vecos.dotsdev.nl\/fr\/","name":"Vecos","description":"Just another WordPress site","potentialAction":[{"@type":"SearchAction","target":{"@type":"EntryPoint","urlTemplate":"https:\/\/www.vecos.dotsdev.nl\/fr\/?s={search_term_string}"},"query-input":"required name=search_term_string"}],"inLanguage":"fr-FR"}]}},"_links":{"self":[{"href":"https:\/\/www.vecos.dotsdev.nl\/fr\/wp-json\/wp\/v2\/pages\/679"}],"collection":[{"href":"https:\/\/www.vecos.dotsdev.nl\/fr\/wp-json\/wp\/v2\/pages"}],"about":[{"href":"https:\/\/www.vecos.dotsdev.nl\/fr\/wp-json\/wp\/v2\/types\/page"}],"author":[{"embeddable":true,"href":"https:\/\/www.vecos.dotsdev.nl\/fr\/wp-json\/wp\/v2\/users\/1"}],"replies":[{"embeddable":true,"href":"https:\/\/www.vecos.dotsdev.nl\/fr\/wp-json\/wp\/v2\/comments?post=679"}],"version-history":[{"count":54,"href":"https:\/\/www.vecos.dotsdev.nl\/fr\/wp-json\/wp\/v2\/pages\/679\/revisions"}],"predecessor-version":[{"id":1902,"href":"https:\/\/www.vecos.dotsdev.nl\/fr\/wp-json\/wp\/v2\/pages\/679\/revisions\/1902"}],"wp:attachment":[{"href":"https:\/\/www.vecos.dotsdev.nl\/fr\/wp-json\/wp\/v2\/media?parent=679"}],"curies":[{"name":"wp","href":"https:\/\/api.w.org\/{rel}","templated":true}]}}